{"id":6100,"date":"2020-10-16T10:07:05","date_gmt":"2020-10-16T08:07:05","guid":{"rendered":"https:\/\/www.stephan-gmbh.com\/?page_id=6100"},"modified":"2021-07-27T11:23:13","modified_gmt":"2021-07-27T09:23:13","slug":"productos-y-accesorios","status":"publish","type":"page","link":"https:\/\/www.stephan-gmbh.com\/es\/productos-y-accesorios\/","title":{"rendered":"Productos y accesorios"},"content":{"rendered":"<p><div class=\"fusion-fullwidth fullwidth-box fusion-builder-row-1 hundred-percent-fullwidth non-hundred-percent-height-scrolling\" style=\"--awb-background-position:left top;--awb-border-sizes-top:0px;--awb-border-sizes-bottom:0px;--awb-border-sizes-left:0px;--awb-border-sizes-right:0px;--awb-border-radius-top-left:0px;--awb-border-radius-top-right:0px;--awb-border-radius-bottom-right:0px;--awb-border-radius-bottom-left:0px;--awb-padding-top:100px;--awb-padding-right:12%;--awb-padding-bottom:115px;--awb-padding-left:12%;--awb-background-color:#ffffff;--awb-flex-wrap:wrap;\" ><div class=\"fusion-builder-row fusion-row\"><div class=\"fusion-layout-column fusion_builder_column fusion-builder-column-0 fusion_builder_column_2_3 2_3 fusion-two-third fusion-column-first\" style=\"--awb-bg-size:cover;width:66.666666666667%;width:calc(66.666666666667% - ( ( 4% ) * 0.66666666666667 ) );margin-right: 4%;\"><div class=\"fusion-column-wrapper fusion-flex-column-wrapper-legacy\"><div class=\"fusion-text fusion-text-1\"><h1>Productos potentes para ventilaci\u00f3n<br \/>\ny oxigenaci\u00f3n<\/h1>\n<\/div><div class=\"fusion-sep-clear\"><\/div><div class=\"fusion-separator fusion-clearfix\" style=\"float:left;width:100%;max-width:150px;\"><div class=\"fusion-separator-border sep-single sep-solid\" style=\"--awb-height:20px;--awb-amount:20px;border-color:#e0dede;border-top-width:1px;\"><\/div><\/div><div class=\"fusion-sep-clear\"><\/div><div class=\"fusion-clearfix\"><\/div><\/div><\/div><div class=\"fusion-layout-column fusion_builder_column fusion-builder-column-1 fusion_builder_column_1_3 1_3 fusion-one-third fusion-column-last\" style=\"--awb-bg-size:cover;width:33.333333333333%;width:calc(33.333333333333% - ( ( 4% ) * 0.33333333333333 ) );\"><div class=\"fusion-column-wrapper fusion-flex-column-wrapper-legacy\"><div class=\"fusion-clearfix\"><\/div><\/div><\/div><div class=\"fusion-layout-column fusion_builder_column fusion-builder-column-2 fusion_builder_column_1_2 1_2 fusion-one-half fusion-column-first\" style=\"--awb-bg-size:cover;width:50%;width:calc(50% - ( ( 4% ) * 0.5 ) );margin-right: 4%;\"><div class=\"fusion-column-wrapper fusion-flex-column-wrapper-legacy\"><div class=\"fusion-text fusion-text-2\"><p style=\"text-align: left;\">Nuestros productos aseguran que los pacientes, tanto grandes como muy peque\u00f1os, siempre tengan suficiente aire para respirar. Acompa\u00f1an a los reci\u00e9n nacidos y beb\u00e9s prematuros que tienen un comienzo de vida dif\u00edcil; ayudar a los ni\u00f1os y adultos que necesitan apoyo respiratorio como resultado de un accidente o enfermedad; y garantizar el suministro de ox\u00edgeno necesario en hospitales, zonas de crisis y protecci\u00f3n civil. De esta manera, ayudan a proteger la vida de los pacientes en una amplia gama de aplicaciones, tanto en el entorno cl\u00ednico como en ambulancias y helic\u00f3pteros.<\/p>\n<\/div><div class=\"fusion-clearfix\"><\/div><\/div><\/div><div class=\"fusion-layout-column fusion_builder_column fusion-builder-column-3 fusion_builder_column_1_2 1_2 fusion-one-half fusion-column-last\" style=\"--awb-bg-size:cover;width:50%;width:calc(50% - ( ( 4% ) * 0.5 ) );\"><div class=\"fusion-column-wrapper fusion-flex-column-wrapper-legacy\"><div class=\"fusion-text fusion-text-3\"><p>En todo el mundo, enfermeras y m\u00e9dicos aprecian los productos de Fritz Stephan. Porque no s\u00f3lo hacen mucho, sino que tambi\u00e9n est\u00e1n dise\u00f1ados para apoyar de manera \u00f3ptima la atenci\u00f3n m\u00e9dica de pacientes peque\u00f1os y grandes. Asumir tareas de monitoreo, identificar datos, documentar y evaluar \u2013 nuestros productos toman muchas tareas y as\u00ed abrir nuevas ventanas de tiempo para una atenci\u00f3n y cuidado a\u00fan mejores y m\u00e1s intensivos de persona a persona.<\/p>\n<\/div><div class=\"fusion-clearfix\"><\/div><\/div><\/div><\/div><\/div><div class=\"fusion-fullwidth fullwidth-box fusion-builder-row-2 nonhundred-percent-fullwidth non-hundred-percent-height-scrolling fusion-equal-height-columns\" style=\"--awb-background-position:left top;--awb-border-sizes-top:0px;--awb-border-sizes-bottom:0px;--awb-border-sizes-left:0px;--awb-border-sizes-right:0px;--awb-border-radius-top-left:0px;--awb-border-radius-top-right:0px;--awb-border-radius-bottom-right:0px;--awb-border-radius-bottom-left:0px;--awb-background-color:#ffffff;--awb-flex-wrap:wrap;\" ><div class=\"fusion-builder-row fusion-row\"><div class=\"fusion-layout-column fusion_builder_column fusion-builder-column-4 fusion_builder_column_1_4 1_4 fusion-one-fourth fusion-column-first fusion-no-small-visibility\" style=\"--awb-padding-top:8%;--awb-padding-right:8%;--awb-padding-bottom:8%;--awb-padding-left:8%;--awb-bg-color:#f9f9f9;--awb-bg-color-hover:#f9f9f9;--awb-bg-size:cover;width:22%; margin-right: 4%;\"><div class=\"fusion-column-wrapper fusion-flex-column-wrapper-legacy\"><div class=\"fusion-image-element in-legacy-container\" style=\"--awb-caption-title-font-family:var(--h2_typography-font-family);--awb-caption-title-font-weight:var(--h2_typography-font-weight);--awb-caption-title-font-style:var(--h2_typography-font-style);--awb-caption-title-size:var(--h2_typography-font-size);--awb-caption-title-transform:var(--h2_typography-text-transform);--awb-caption-title-line-height:var(--h2_typography-line-height);--awb-caption-title-letter-spacing:var(--h2_typography-letter-spacing);\"><span class=\" fusion-imageframe imageframe-none imageframe-1 hover-type-none\"><img decoding=\"async\" width=\"400\" height=\"267\" title=\"EasyFlow_2\" src=\"https:\/\/www.stephan-gmbh.com\/wp-content\/uploads\/2018\/08\/EasyFlow_2-400x267.jpg\" alt class=\"img-responsive wp-image-1905\" srcset=\"https:\/\/www.stephan-gmbh.com\/wp-content\/uploads\/2018\/08\/EasyFlow_2-200x133.jpg 200w, https:\/\/www.stephan-gmbh.com\/wp-content\/uploads\/2018\/08\/EasyFlow_2-400x267.jpg 400w, https:\/\/www.stephan-gmbh.com\/wp-content\/uploads\/2018\/08\/EasyFlow_2-600x400.jpg 600w, https:\/\/www.stephan-gmbh.com\/wp-content\/uploads\/2018\/08\/EasyFlow_2-800x533.jpg 800w, https:\/\/www.stephan-gmbh.com\/wp-content\/uploads\/2018\/08\/EasyFlow_2-1200x800.jpg 1200w\" sizes=\"(max-width: 1000px) 100vw, 400px\" \/><\/span><\/div><div class=\"fusion-sep-clear\"><\/div><div class=\"fusion-separator fusion-full-width-sep\" style=\"margin-left: auto;margin-right: auto;margin-top:15px;width:100%;\"><\/div><div class=\"fusion-sep-clear\"><\/div><div class=\"fusion-text fusion-text-4\"><h4 style=\"text-align: center;\">Neonatolog\u00eda<\/h4>\n<p style=\"text-align: center;\">Conocemos muy bien los requisitos especiales para la ventilaci\u00f3n de reci\u00e9n nacidos y beb\u00e9s prematuros. Y desarrollar productos que hagan cosas sobresalientes.<\/p>\n<\/div><div class=\"fusion-sep-clear\"><\/div><div class=\"fusion-separator fusion-full-width-sep\" style=\"margin-left: auto;margin-right: auto;margin-top:15px;width:100%;\"><\/div><div class=\"fusion-sep-clear\"><\/div><div class=\"fusion-aligncenter\"><a class=\"fusion-button button-flat fusion-button-default-size button-custom fusion-button-default button-1 fusion-button-default-span fusion-button-default-type\" style=\"--button_accent_color:#028143;--button_border_color:#028143;--button_accent_hover_color:#ffffff;--button_border_hover_color:#ffffff;--button_border_width-top:1px;--button_border_width-right:1px;--button_border_width-bottom:1px;--button_border_width-left:1px;--button_gradient_top_color:rgba(255,255,255,0);--button_gradient_bottom_color:rgba(255,255,255,0);--button_gradient_top_color_hover:#028143;--button_gradient_bottom_color_hover:#028143;\" target=\"_self\" href=\"https:\/\/www.stephan-gmbh.com\/es\/produkte\/neonatologia\/\"><span class=\"fusion-button-text awb-button__text awb-button__text--default\">M\u00e1s informaci\u00f3n<\/span><\/a><\/div><div class=\"fusion-clearfix\"><\/div><\/div><\/div><div class=\"fusion-layout-column fusion_builder_column fusion-builder-column-5 fusion_builder_column_1_4 1_4 fusion-one-fourth fusion-no-small-visibility\" style=\"--awb-padding-top:8%;--awb-padding-right:8%;--awb-padding-bottom:8%;--awb-padding-left:8%;--awb-bg-color:#f9f9f9;--awb-bg-color-hover:#f9f9f9;--awb-bg-size:cover;width:22%; margin-right: 4%;\"><div class=\"fusion-column-wrapper fusion-flex-column-wrapper-legacy\"><div class=\"fusion-image-element in-legacy-container\" style=\"--awb-caption-title-font-family:var(--h2_typography-font-family);--awb-caption-title-font-weight:var(--h2_typography-font-weight);--awb-caption-title-font-style:var(--h2_typography-font-style);--awb-caption-title-size:var(--h2_typography-font-size);--awb-caption-title-transform:var(--h2_typography-text-transform);--awb-caption-title-line-height:var(--h2_typography-line-height);--awb-caption-title-letter-spacing:var(--h2_typography-letter-spacing);\"><span class=\" fusion-imageframe imageframe-none imageframe-2 hover-type-none\"><img decoding=\"async\" width=\"400\" height=\"403\" title=\"EVE_TR\" src=\"https:\/\/www.stephan-gmbh.com\/wp-content\/uploads\/2018\/07\/EVE_TR_frei-1-400x403.png\" alt class=\"img-responsive wp-image-5561\" srcset=\"https:\/\/www.stephan-gmbh.com\/wp-content\/uploads\/2018\/07\/EVE_TR_frei-1-200x202.png 200w, https:\/\/www.stephan-gmbh.com\/wp-content\/uploads\/2018\/07\/EVE_TR_frei-1-400x403.png 400w, https:\/\/www.stephan-gmbh.com\/wp-content\/uploads\/2018\/07\/EVE_TR_frei-1-600x605.png 600w, https:\/\/www.stephan-gmbh.com\/wp-content\/uploads\/2018\/07\/EVE_TR_frei-1-800x807.png 800w, https:\/\/www.stephan-gmbh.com\/wp-content\/uploads\/2018\/07\/EVE_TR_frei-1-1200x1210.png 1200w\" sizes=\"(max-width: 1000px) 100vw, 400px\" \/><\/span><\/div><div class=\"fusion-sep-clear\"><\/div><div class=\"fusion-separator fusion-full-width-sep\" style=\"margin-left: auto;margin-right: auto;margin-top:15px;width:100%;\"><\/div><div class=\"fusion-sep-clear\"><\/div><div class=\"fusion-text fusion-text-5\"><h4 style=\"text-align: center;\">Ventilaci\u00f3n de adultos<\/h4>\n<p style=\"text-align: center;\">\u00bfVentilaci\u00f3n intensiva y de transporte \u00f3ptima con un solo dispositivo? Nuestro sistema de ventilaci\u00f3n multifuncional EVE hace esto posible.<\/p>\n<\/div><div class=\"fusion-sep-clear\"><\/div><div class=\"fusion-separator fusion-full-width-sep\" style=\"margin-left: auto;margin-right: auto;margin-top:15px;width:100%;\"><\/div><div class=\"fusion-sep-clear\"><\/div><div class=\"fusion-aligncenter\"><a class=\"fusion-button button-flat fusion-button-default-size button-custom fusion-button-default button-2 fusion-button-default-span fusion-button-default-type\" style=\"--button_accent_color:#028143;--button_border_color:#028143;--button_accent_hover_color:#ffffff;--button_border_hover_color:#ffffff;--button_border_width-top:1px;--button_border_width-right:1px;--button_border_width-bottom:1px;--button_border_width-left:1px;--button_gradient_top_color:rgba(255,255,255,0);--button_gradient_bottom_color:rgba(255,255,255,0);--button_gradient_top_color_hover:#028143;--button_gradient_bottom_color_hover:#028143;\" target=\"_self\" href=\"https:\/\/www.stephan-gmbh.com\/es\/produkte\/ventilacion-adulta\/\"><span class=\"fusion-button-text awb-button__text awb-button__text--default\">M\u00e1s informaci\u00f3n<\/span><\/a><\/div><div class=\"fusion-clearfix\"><\/div><\/div><\/div><div class=\"fusion-layout-column fusion_builder_column fusion-builder-column-6 fusion_builder_column_1_4 1_4 fusion-one-fourth fusion-no-small-visibility\" style=\"--awb-padding-top:8%;--awb-padding-right:8%;--awb-padding-bottom:8%;--awb-padding-left:8%;--awb-bg-color:#f9f9f9;--awb-bg-color-hover:#f9f9f9;--awb-bg-size:cover;width:22%; margin-right: 4%;\"><div class=\"fusion-column-wrapper fusion-flex-column-wrapper-legacy\"><div class=\"fusion-image-element in-legacy-container\" style=\"--awb-caption-title-font-family:var(--h2_typography-font-family);--awb-caption-title-font-weight:var(--h2_typography-font-weight);--awb-caption-title-font-style:var(--h2_typography-font-style);--awb-caption-title-size:var(--h2_typography-font-size);--awb-caption-title-transform:var(--h2_typography-text-transform);--awb-caption-title-line-height:var(--h2_typography-line-height);--awb-caption-title-letter-spacing:var(--h2_typography-letter-spacing);\"><span class=\" fusion-imageframe imageframe-none imageframe-3 hover-type-none\"><img decoding=\"async\" width=\"1535\" height=\"2126\" title=\"OC_Modul_neu\" src=\"https:\/\/www.stephan-gmbh.com\/wp-content\/uploads\/2021\/05\/OC_Modul_neu.png\" alt class=\"img-responsive wp-image-6665\" srcset=\"https:\/\/www.stephan-gmbh.com\/wp-content\/uploads\/2021\/05\/OC_Modul_neu-200x277.png 200w, https:\/\/www.stephan-gmbh.com\/wp-content\/uploads\/2021\/05\/OC_Modul_neu-400x554.png 400w, https:\/\/www.stephan-gmbh.com\/wp-content\/uploads\/2021\/05\/OC_Modul_neu-600x831.png 600w, https:\/\/www.stephan-gmbh.com\/wp-content\/uploads\/2021\/05\/OC_Modul_neu-800x1108.png 800w, https:\/\/www.stephan-gmbh.com\/wp-content\/uploads\/2021\/05\/OC_Modul_neu-1200x1662.png 1200w, https:\/\/www.stephan-gmbh.com\/wp-content\/uploads\/2021\/05\/OC_Modul_neu.png 1535w\" sizes=\"(max-width: 1000px) 100vw, 400px\" \/><\/span><\/div><div class=\"fusion-sep-clear\"><\/div><div class=\"fusion-separator fusion-full-width-sep\" style=\"margin-left: auto;margin-right: auto;margin-top:15px;width:100%;\"><\/div><div class=\"fusion-sep-clear\"><\/div><div class=\"fusion-text fusion-text-6\"><h4 style=\"text-align: center;\">Suministro de ox\u00edgeno<\/h4>\n<p style=\"text-align: center;\">Nuestras soluciones completas de suministro de ox\u00edgeno est\u00e1n en uso en todo el mundo y funcionan de forma segura y econ\u00f3mica.<\/p>\n<\/div><div class=\"fusion-sep-clear\"><\/div><div class=\"fusion-separator fusion-full-width-sep\" style=\"margin-left: auto;margin-right: auto;margin-top:15px;width:100%;\"><\/div><div class=\"fusion-sep-clear\"><\/div><div class=\"fusion-aligncenter\"><a class=\"fusion-button button-flat fusion-button-default-size button-custom fusion-button-default button-3 fusion-button-default-span fusion-button-default-type\" style=\"--button_accent_color:#028143;--button_border_color:#028143;--button_accent_hover_color:#ffffff;--button_border_hover_color:#ffffff;--button_border_width-top:1px;--button_border_width-right:1px;--button_border_width-bottom:1px;--button_border_width-left:1px;--button_gradient_top_color:rgba(255,255,255,0);--button_gradient_bottom_color:rgba(255,255,255,0);--button_gradient_top_color_hover:#028143;--button_gradient_bottom_color_hover:#028143;\" target=\"_self\" href=\"https:\/\/www.stephan-gmbh.com\/es\/produkte\/suministro-de-oxigeno\/\"><span class=\"fusion-button-text awb-button__text awb-button__text--default\">M\u00e1s informaci\u00f3n<\/span><\/a><\/div><div class=\"fusion-clearfix\"><\/div><\/div><\/div><div class=\"fusion-layout-column fusion_builder_column fusion-builder-column-7 fusion_builder_column_1_4 1_4 fusion-one-fourth fusion-column-last fusion-no-small-visibility\" style=\"--awb-padding-top:8%;--awb-padding-right:8%;--awb-padding-bottom:8%;--awb-padding-left:8%;--awb-bg-color:#f9f9f9;--awb-bg-color-hover:#f9f9f9;--awb-bg-size:cover;width:22%;\"><div class=\"fusion-column-wrapper fusion-flex-column-wrapper-legacy\"><div class=\"fusion-image-element in-legacy-container\" style=\"--awb-caption-title-font-family:var(--h2_typography-font-family);--awb-caption-title-font-weight:var(--h2_typography-font-weight);--awb-caption-title-font-style:var(--h2_typography-font-style);--awb-caption-title-size:var(--h2_typography-font-size);--awb-caption-title-transform:var(--h2_typography-text-transform);--awb-caption-title-line-height:var(--h2_typography-line-height);--awb-caption-title-letter-spacing:var(--h2_typography-letter-spacing);\"><span class=\" fusion-imageframe imageframe-none imageframe-4 hover-type-none\"><img decoding=\"async\" width=\"400\" height=\"250\" title=\"Sistemas de tubos\" src=\"https:\/\/www.stephan-gmbh.com\/wp-content\/uploads\/2018\/08\/SophieSchlauchsystem-400x250.jpg\" alt class=\"img-responsive wp-image-5606\" srcset=\"https:\/\/www.stephan-gmbh.com\/wp-content\/uploads\/2018\/08\/SophieSchlauchsystem-200x125.jpg 200w, https:\/\/www.stephan-gmbh.com\/wp-content\/uploads\/2018\/08\/SophieSchlauchsystem-400x250.jpg 400w, https:\/\/www.stephan-gmbh.com\/wp-content\/uploads\/2018\/08\/SophieSchlauchsystem-600x375.jpg 600w, https:\/\/www.stephan-gmbh.com\/wp-content\/uploads\/2018\/08\/SophieSchlauchsystem-800x500.jpg 800w, https:\/\/www.stephan-gmbh.com\/wp-content\/uploads\/2018\/08\/SophieSchlauchsystem-1200x750.jpg 1200w\" sizes=\"(max-width: 1000px) 100vw, 400px\" \/><\/span><\/div><div class=\"fusion-sep-clear\"><\/div><div class=\"fusion-separator fusion-full-width-sep\" style=\"margin-left: auto;margin-right: auto;margin-top:15px;width:100%;\"><\/div><div class=\"fusion-sep-clear\"><\/div><div class=\"fusion-text fusion-text-7\"><h4 style=\"text-align: center;\">Accesorios<\/h4>\n<p style=\"text-align: center;\">Sistemas desechables y reutilizables, m\u00f3dulos complementarios \u2013 todo lo que le ayuda a utilizar nuestros productos a\u00fan mejor y m\u00e1s eficientemente en la vida cotidiana.<\/p>\n<\/div><div class=\"fusion-sep-clear\"><\/div><div class=\"fusion-separator fusion-full-width-sep\" style=\"margin-left: auto;margin-right: auto;margin-top:15px;width:100%;\"><\/div><div class=\"fusion-sep-clear\"><\/div><div class=\"fusion-aligncenter\"><a class=\"fusion-button button-flat fusion-button-default-size button-custom fusion-button-default button-4 fusion-button-default-span fusion-button-default-type\" style=\"--button_accent_color:#028143;--button_border_color:#028143;--button_accent_hover_color:#ffffff;--button_border_hover_color:#ffffff;--button_border_width-top:1px;--button_border_width-right:1px;--button_border_width-bottom:1px;--button_border_width-left:1px;--button_gradient_top_color:rgba(255,255,255,0);--button_gradient_bottom_color:rgba(255,255,255,0);--button_gradient_top_color_hover:#028143;--button_gradient_bottom_color_hover:#028143;\" target=\"_self\" href=\" https:\/\/www.stephan-gmbh.com\/es\/produkte\/los-sistemas-de-tubos-de-un-solo\/\"><span class=\"fusion-button-text awb-button__text awb-button__text--default\">M\u00e1s informaci\u00f3n<\/span><\/a><\/div><div class=\"fusion-clearfix\"><\/div><\/div><\/div><\/div><\/div><\/p>\n","protected":false},"excerpt":{"rendered":"","protected":false},"author":8,"featured_media":0,"parent":0,"menu_order":1,"comment_status":"closed","ping_status":"closed","template":"100-width.php","meta":{"footnotes":""},"class_list":["post-6100","page","type-page","status-publish","hentry"],"yoast_head":"<!-- This site is optimized with the Yoast SEO plugin v27.3 - https:\/\/yoast.com\/product\/yoast-seo-wordpress\/ -->\n<title>Productos y accesorios - Fritz Stephan GmbH<\/title>\n<meta name=\"robots\" content=\"index, follow, max-snippet:-1, max-image-preview:large, max-video-preview:-1\" \/>\n<link rel=\"canonical\" href=\"https:\/\/www.stephan-gmbh.com\/produkte-zubehoer\/\" \/>\n<meta property=\"og:locale\" content=\"es_ES\" \/>\n<meta property=\"og:type\" content=\"article\" \/>\n<meta property=\"og:title\" content=\"Productos y accesorios - Fritz Stephan GmbH\" \/>\n<meta property=\"og:url\" content=\"https:\/\/www.stephan-gmbh.com\/produkte-zubehoer\/\" \/>\n<meta property=\"og:site_name\" content=\"Fritz Stephan GmbH\" \/>\n<meta property=\"article:modified_time\" content=\"2021-07-27T09:23:13+00:00\" \/>\n<meta name=\"twitter:card\" content=\"summary_large_image\" \/>\n<meta name=\"twitter:label1\" content=\"Tiempo de lectura\" \/>\n\t<meta name=\"twitter:data1\" content=\"6 minutos\" \/>\n<script type=\"application\/ld+json\" class=\"yoast-schema-graph\">{\"@context\":\"https:\\\/\\\/schema.org\",\"@graph\":[{\"@type\":\"WebPage\",\"@id\":\"https:\\\/\\\/www.stephan-gmbh.com\\\/produkte-zubehoer\\\/\",\"url\":\"https:\\\/\\\/www.stephan-gmbh.com\\\/produkte-zubehoer\\\/\",\"name\":\"Productos y accesorios - Fritz Stephan GmbH\",\"isPartOf\":{\"@id\":\"https:\\\/\\\/www.stephan-gmbh.com\\\/#website\"},\"datePublished\":\"2020-10-16T08:07:05+00:00\",\"dateModified\":\"2021-07-27T09:23:13+00:00\",\"breadcrumb\":{\"@id\":\"https:\\\/\\\/www.stephan-gmbh.com\\\/produkte-zubehoer\\\/#breadcrumb\"},\"inLanguage\":\"es\",\"potentialAction\":[{\"@type\":\"ReadAction\",\"target\":[\"https:\\\/\\\/www.stephan-gmbh.com\\\/produkte-zubehoer\\\/\"]}]},{\"@type\":\"BreadcrumbList\",\"@id\":\"https:\\\/\\\/www.stephan-gmbh.com\\\/produkte-zubehoer\\\/#breadcrumb\",\"itemListElement\":[{\"@type\":\"ListItem\",\"position\":1,\"name\":\"Startseite\",\"item\":\"https:\\\/\\\/www.stephan-gmbh.com\\\/es\\\/\"},{\"@type\":\"ListItem\",\"position\":2,\"name\":\"Productos y accesorios\"}]},{\"@type\":\"WebSite\",\"@id\":\"https:\\\/\\\/www.stephan-gmbh.com\\\/#website\",\"url\":\"https:\\\/\\\/www.stephan-gmbh.com\\\/\",\"name\":\"Fritz Stephan GmbH\",\"description\":\"\",\"potentialAction\":[{\"@type\":\"SearchAction\",\"target\":{\"@type\":\"EntryPoint\",\"urlTemplate\":\"https:\\\/\\\/www.stephan-gmbh.com\\\/?s={search_term_string}\"},\"query-input\":{\"@type\":\"PropertyValueSpecification\",\"valueRequired\":true,\"valueName\":\"search_term_string\"}}],\"inLanguage\":\"es\"}]}<\/script>\n<!-- \/ Yoast SEO plugin. -->","yoast_head_json":{"title":"Productos y accesorios - Fritz Stephan GmbH","robots":{"index":"index","follow":"follow","max-snippet":"max-snippet:-1","max-image-preview":"max-image-preview:large","max-video-preview":"max-video-preview:-1"},"canonical":"https:\/\/www.stephan-gmbh.com\/produkte-zubehoer\/","og_locale":"es_ES","og_type":"article","og_title":"Productos y accesorios - Fritz Stephan GmbH","og_url":"https:\/\/www.stephan-gmbh.com\/produkte-zubehoer\/","og_site_name":"Fritz Stephan GmbH","article_modified_time":"2021-07-27T09:23:13+00:00","twitter_card":"summary_large_image","twitter_misc":{"Tiempo de lectura":"6 minutos"},"schema":{"@context":"https:\/\/schema.org","@graph":[{"@type":"WebPage","@id":"https:\/\/www.stephan-gmbh.com\/produkte-zubehoer\/","url":"https:\/\/www.stephan-gmbh.com\/produkte-zubehoer\/","name":"Productos y accesorios - Fritz Stephan GmbH","isPartOf":{"@id":"https:\/\/www.stephan-gmbh.com\/#website"},"datePublished":"2020-10-16T08:07:05+00:00","dateModified":"2021-07-27T09:23:13+00:00","breadcrumb":{"@id":"https:\/\/www.stephan-gmbh.com\/produkte-zubehoer\/#breadcrumb"},"inLanguage":"es","potentialAction":[{"@type":"ReadAction","target":["https:\/\/www.stephan-gmbh.com\/produkte-zubehoer\/"]}]},{"@type":"BreadcrumbList","@id":"https:\/\/www.stephan-gmbh.com\/produkte-zubehoer\/#breadcrumb","itemListElement":[{"@type":"ListItem","position":1,"name":"Startseite","item":"https:\/\/www.stephan-gmbh.com\/es\/"},{"@type":"ListItem","position":2,"name":"Productos y accesorios"}]},{"@type":"WebSite","@id":"https:\/\/www.stephan-gmbh.com\/#website","url":"https:\/\/www.stephan-gmbh.com\/","name":"Fritz Stephan GmbH","description":"","potentialAction":[{"@type":"SearchAction","target":{"@type":"EntryPoint","urlTemplate":"https:\/\/www.stephan-gmbh.com\/?s={search_term_string}"},"query-input":{"@type":"PropertyValueSpecification","valueRequired":true,"valueName":"search_term_string"}}],"inLanguage":"es"}]}},"_links":{"self":[{"href":"https:\/\/www.stephan-gmbh.com\/es\/wp-json\/wp\/v2\/pages\/6100","targetHints":{"allow":["GET"]}}],"collection":[{"href":"https:\/\/www.stephan-gmbh.com\/es\/wp-json\/wp\/v2\/pages"}],"about":[{"href":"https:\/\/www.stephan-gmbh.com\/es\/wp-json\/wp\/v2\/types\/page"}],"author":[{"embeddable":true,"href":"https:\/\/www.stephan-gmbh.com\/es\/wp-json\/wp\/v2\/users\/8"}],"replies":[{"embeddable":true,"href":"https:\/\/www.stephan-gmbh.com\/es\/wp-json\/wp\/v2\/comments?post=6100"}],"version-history":[{"count":0,"href":"https:\/\/www.stephan-gmbh.com\/es\/wp-json\/wp\/v2\/pages\/6100\/revisions"}],"wp:attachment":[{"href":"https:\/\/www.stephan-gmbh.com\/es\/wp-json\/wp\/v2\/media?parent=6100"}],"curies":[{"name":"wp","href":"https:\/\/api.w.org\/{rel}","templated":true}]}}