{"id":11419,"date":"2025-10-27T12:52:44","date_gmt":"2025-10-27T11:52:44","guid":{"rendered":"https:\/\/www.stephan-gmbh.com\/?page_id=11419"},"modified":"2025-10-27T12:53:09","modified_gmt":"2025-10-27T11:53:09","slug":"certificats","status":"publish","type":"page","link":"https:\/\/www.stephan-gmbh.com\/fr\/certificats\/","title":{"rendered":"Certificats"},"content":{"rendered":"<div class=\"fusion-fullwidth fullwidth-box fusion-builder-row-1 nonhundred-percent-fullwidth non-hundred-percent-height-scrolling fusion-equal-height-columns\" style=\"--awb-border-radius-top-left:0px;--awb-border-radius-top-right:0px;--awb-border-radius-bottom-right:0px;--awb-border-radius-bottom-left:0px;--awb-padding-top:70px;--awb-padding-bottom:70px;--awb-margin-top:50px;--awb-margin-bottom:50px;--awb-background-color:#ffffffff;--awb-flex-wrap:wrap;\" ><div class=\"fusion-builder-row fusion-row\"><div class=\"fusion-layout-column fusion_builder_column fusion-builder-column-0 fusion_builder_column_2_3 2_3 fusion-two-third fusion-column-first\" style=\"--awb-bg-size:cover;width:66.666666666667%;width:calc(66.666666666667% - ( ( 4% ) * 0.66666666666667 ) );margin-right: 4%;\"><div class=\"fusion-column-wrapper fusion-flex-column-wrapper-legacy\"><div class=\"fusion-text fusion-text-1\"><h3><span lang=\"EN-US\">Qualit\u00e9 certifi\u00e9e\u00a0:<br \/>\n<\/span><span lang=\"EN-US\">Voici ce sur quoi vous pouvez compter<\/span><\/h3>\n<\/div><div class=\"fusion-text fusion-text-2\"><div><span lang=\"EN-US\">Notre entreprise, tout comme l&rsquo;ensemble de nos partenaires fournisseurs, est certifi\u00e9e selon la norme ISO\u00a013485. Cela vous assure une cha\u00eene de processus transparente qui r\u00e9pond aux exigences les plus \u00e9lev\u00e9es. \u00a0Afin de garantir que tous nos appareils fonctionnent parfaitement et en toute s\u00e9curit\u00e9, nous les soumettons \u00e0 un contr\u00f4le de qualit\u00e9 intensif avant qu&rsquo;ils ne quittent notre entreprise. Pour ce faire, nous avons recours \u00e0 des proc\u00e9dures de test complexes et \u00e0 des essais de longue dur\u00e9e. Le client n&rsquo;est livr\u00e9 que si les r\u00e9sultats r\u00e9pondent enti\u00e8rement \u00e0\u00a0nos crit\u00e8res de qualit\u00e9 stricts.<\/span><\/div>\n<p><a href=\"https:\/\/www.stephan-gmbh.com\/wp-content\/uploads\/2025\/07\/2025.07.02-QS0930_13485_20250702-Gueltig-bis-2028.06.10-Certificate-PDF.pdf\" target=\"_blank\" rel=\"noopener noreferrer\">Certificat DIN EN ISO 13485 (PDF)<\/a><\/p>\n<p><a href=\"https:\/\/www.stephan-gmbh.com\/wp-content\/uploads\/2022\/06\/Zertifikat_MDD_AnhangII_Gueltig_bis_27.05.2024.pdf\" target=\"_blank\" rel=\"noopener noreferrer\">Certificat de conformit\u00e9 93-42 EWG Anhang II (PDF)<\/a><\/p>\n<p><a href=\"https:\/\/www.stephan-gmbh.com\/wp-content\/uploads\/2023\/01\/Zertifikat_MDR-1.pdf\" target=\"_blank\" rel=\"noopener\">Certificat MDR<\/a><\/p>\n<p><a href=\"https:\/\/www.stephan-gmbh.com\/wp-content\/uploads\/2024\/06\/MDR_Art.120_ConfirmationLetter.pdf\" target=\"_blank\" rel=\"noopener\">MDR Art. 120 Confirmation Letter<\/a><\/p>\n<\/div><div class=\"fusion-clearfix\"><\/div><\/div><\/div><div class=\"fusion-layout-column fusion_builder_column fusion-builder-column-1 fusion_builder_column_1_3 1_3 fusion-one-third fusion-column-last\" style=\"--awb-bg-size:cover;width:33.333333333333%;width:calc(33.333333333333% - ( ( 4% ) * 0.33333333333333 ) );\"><div class=\"fusion-column-wrapper fusion-flex-column-wrapper-legacy\"><div class=\"fusion-column-content-centered\"><div class=\"fusion-column-content\"><div class=\"fusion-image-element in-legacy-container\" style=\"--awb-bottom-shadow-color:rgba(0,0,0,0.4);--awb-caption-title-font-family:var(--h2_typography-font-family);--awb-caption-title-font-weight:var(--h2_typography-font-weight);--awb-caption-title-font-style:var(--h2_typography-font-style);--awb-caption-title-size:var(--h2_typography-font-size);--awb-caption-title-transform:var(--h2_typography-text-transform);--awb-caption-title-line-height:var(--h2_typography-line-height);--awb-caption-title-letter-spacing:var(--h2_typography-letter-spacing);\"><div class=\"awb-image-frame awb-image-frame-1 awb-bottomshadow\"><span class=\" fusion-imageframe imageframe-bottomshadow imageframe-1 hover-type-none\"><img decoding=\"async\" width=\"675\" height=\"380\" title=\"Unternehmen_Produktion\" src=\"https:\/\/www.stephan-gmbh.com\/wp-content\/uploads\/2025\/07\/Unternehmen_Produktion.jpg\" alt class=\"img-responsive wp-image-11019\" srcset=\"https:\/\/www.stephan-gmbh.com\/wp-content\/uploads\/2025\/07\/Unternehmen_Produktion-200x113.jpg 200w, https:\/\/www.stephan-gmbh.com\/wp-content\/uploads\/2025\/07\/Unternehmen_Produktion-400x225.jpg 400w, https:\/\/www.stephan-gmbh.com\/wp-content\/uploads\/2025\/07\/Unternehmen_Produktion-600x338.jpg 600w, https:\/\/www.stephan-gmbh.com\/wp-content\/uploads\/2025\/07\/Unternehmen_Produktion.jpg 675w\" sizes=\"(max-width: 1000px) 100vw, 600px\" \/><\/span><svg xmlns=\"http:\/\/www.w3.org\/2000\/svg\" version=\"1.1\" width=\"100%\" viewBox=\"0 0 600 28\" preserveAspectRatio=\"none\"><g clip-path=\"url(#a)\"><mask id=\"b\" style=\"mask-type:luminance\" maskUnits=\"userSpaceOnUse\" x=\"0\" y=\"0\" width=\"600\" height=\"28\"><path d=\"M0 0h600v28H0V0Z\" fill=\"#fff\"\/><\/mask><g filter=\"url(#c)\" mask=\"url(#b)\"><path d=\"M16.439-18.667h567.123v30.8S438.961-8.4 300-8.4C161.04-8.4 16.438 12.133 16.438 12.133v-30.8Z\" fill=\"#000\"\/><\/g><\/g><defs><clipPath id=\"a\"><path fill=\"#fff\" d=\"M0 0h600v28H0z\"\/><\/clipPath><filter id=\"c\" x=\"5.438\" y=\"-29.667\" width=\"589.123\" height=\"52.8\" filterUnits=\"userSpaceOnUse\" color-interpolation-filters=\"sRGB\"><feFlood flood-opacity=\"0\" result=\"BackgroundImageFix\"\/><feBlend in=\"SourceGraphic\" in2=\"BackgroundImageFix\" result=\"shape\"\/><feGaussianBlur stdDeviation=\"5.5\" result=\"effect1_foregroundBlur_3983_183\"\/><\/filter><\/defs><\/svg><\/div><\/div><\/div><\/div><div class=\"fusion-clearfix\"><\/div><\/div><\/div><\/div><\/div>\n","protected":false},"excerpt":{"rendered":"","protected":false},"author":8,"featured_media":0,"parent":0,"menu_order":0,"comment_status":"closed","ping_status":"closed","template":"","meta":{"footnotes":""},"class_list":["post-11419","page","type-page","status-publish","hentry"],"yoast_head":"<!-- This site is optimized with the Yoast SEO plugin v27.3 - https:\/\/yoast.com\/product\/yoast-seo-wordpress\/ -->\n<title>Certificats - Fritz Stephan GmbH<\/title>\n<meta name=\"robots\" content=\"index, follow, max-snippet:-1, max-image-preview:large, max-video-preview:-1\" \/>\n<link rel=\"canonical\" href=\"https:\/\/www.stephan-gmbh.com\/fr\/certificats\/\" \/>\n<meta property=\"og:locale\" content=\"fr_FR\" \/>\n<meta property=\"og:type\" content=\"article\" \/>\n<meta property=\"og:title\" content=\"Certificats - Fritz Stephan GmbH\" \/>\n<meta property=\"og:url\" content=\"https:\/\/www.stephan-gmbh.com\/fr\/certificats\/\" \/>\n<meta property=\"og:site_name\" content=\"Fritz Stephan GmbH\" \/>\n<meta property=\"article:modified_time\" content=\"2025-10-27T11:53:09+00:00\" \/>\n<meta name=\"twitter:card\" content=\"summary_large_image\" \/>\n<meta name=\"twitter:label1\" content=\"Dur\u00e9e de lecture estim\u00e9e\" \/>\n\t<meta name=\"twitter:data1\" content=\"1 minute\" \/>\n<script type=\"application\/ld+json\" class=\"yoast-schema-graph\">{\"@context\":\"https:\\\/\\\/schema.org\",\"@graph\":[{\"@type\":\"WebPage\",\"@id\":\"https:\\\/\\\/www.stephan-gmbh.com\\\/fr\\\/certificats\\\/\",\"url\":\"https:\\\/\\\/www.stephan-gmbh.com\\\/fr\\\/certificats\\\/\",\"name\":\"Certificats - Fritz Stephan GmbH\",\"isPartOf\":{\"@id\":\"https:\\\/\\\/www.stephan-gmbh.com\\\/#website\"},\"datePublished\":\"2025-10-27T11:52:44+00:00\",\"dateModified\":\"2025-10-27T11:53:09+00:00\",\"breadcrumb\":{\"@id\":\"https:\\\/\\\/www.stephan-gmbh.com\\\/fr\\\/certificats\\\/#breadcrumb\"},\"inLanguage\":\"fr-FR\",\"potentialAction\":[{\"@type\":\"ReadAction\",\"target\":[\"https:\\\/\\\/www.stephan-gmbh.com\\\/fr\\\/certificats\\\/\"]}]},{\"@type\":\"BreadcrumbList\",\"@id\":\"https:\\\/\\\/www.stephan-gmbh.com\\\/fr\\\/certificats\\\/#breadcrumb\",\"itemListElement\":[{\"@type\":\"ListItem\",\"position\":1,\"name\":\"Startseite\",\"item\":\"https:\\\/\\\/www.stephan-gmbh.com\\\/fr\\\/\"},{\"@type\":\"ListItem\",\"position\":2,\"name\":\"Certificats\"}]},{\"@type\":\"WebSite\",\"@id\":\"https:\\\/\\\/www.stephan-gmbh.com\\\/#website\",\"url\":\"https:\\\/\\\/www.stephan-gmbh.com\\\/\",\"name\":\"Fritz Stephan GmbH\",\"description\":\"\",\"potentialAction\":[{\"@type\":\"SearchAction\",\"target\":{\"@type\":\"EntryPoint\",\"urlTemplate\":\"https:\\\/\\\/www.stephan-gmbh.com\\\/?s={search_term_string}\"},\"query-input\":{\"@type\":\"PropertyValueSpecification\",\"valueRequired\":true,\"valueName\":\"search_term_string\"}}],\"inLanguage\":\"fr-FR\"}]}<\/script>\n<!-- \/ Yoast SEO plugin. -->","yoast_head_json":{"title":"Certificats - Fritz Stephan GmbH","robots":{"index":"index","follow":"follow","max-snippet":"max-snippet:-1","max-image-preview":"max-image-preview:large","max-video-preview":"max-video-preview:-1"},"canonical":"https:\/\/www.stephan-gmbh.com\/fr\/certificats\/","og_locale":"fr_FR","og_type":"article","og_title":"Certificats - Fritz Stephan GmbH","og_url":"https:\/\/www.stephan-gmbh.com\/fr\/certificats\/","og_site_name":"Fritz Stephan GmbH","article_modified_time":"2025-10-27T11:53:09+00:00","twitter_card":"summary_large_image","twitter_misc":{"Dur\u00e9e de lecture estim\u00e9e":"1 minute"},"schema":{"@context":"https:\/\/schema.org","@graph":[{"@type":"WebPage","@id":"https:\/\/www.stephan-gmbh.com\/fr\/certificats\/","url":"https:\/\/www.stephan-gmbh.com\/fr\/certificats\/","name":"Certificats - Fritz Stephan GmbH","isPartOf":{"@id":"https:\/\/www.stephan-gmbh.com\/#website"},"datePublished":"2025-10-27T11:52:44+00:00","dateModified":"2025-10-27T11:53:09+00:00","breadcrumb":{"@id":"https:\/\/www.stephan-gmbh.com\/fr\/certificats\/#breadcrumb"},"inLanguage":"fr-FR","potentialAction":[{"@type":"ReadAction","target":["https:\/\/www.stephan-gmbh.com\/fr\/certificats\/"]}]},{"@type":"BreadcrumbList","@id":"https:\/\/www.stephan-gmbh.com\/fr\/certificats\/#breadcrumb","itemListElement":[{"@type":"ListItem","position":1,"name":"Startseite","item":"https:\/\/www.stephan-gmbh.com\/fr\/"},{"@type":"ListItem","position":2,"name":"Certificats"}]},{"@type":"WebSite","@id":"https:\/\/www.stephan-gmbh.com\/#website","url":"https:\/\/www.stephan-gmbh.com\/","name":"Fritz Stephan GmbH","description":"","potentialAction":[{"@type":"SearchAction","target":{"@type":"EntryPoint","urlTemplate":"https:\/\/www.stephan-gmbh.com\/?s={search_term_string}"},"query-input":{"@type":"PropertyValueSpecification","valueRequired":true,"valueName":"search_term_string"}}],"inLanguage":"fr-FR"}]}},"_links":{"self":[{"href":"https:\/\/www.stephan-gmbh.com\/fr\/wp-json\/wp\/v2\/pages\/11419","targetHints":{"allow":["GET"]}}],"collection":[{"href":"https:\/\/www.stephan-gmbh.com\/fr\/wp-json\/wp\/v2\/pages"}],"about":[{"href":"https:\/\/www.stephan-gmbh.com\/fr\/wp-json\/wp\/v2\/types\/page"}],"author":[{"embeddable":true,"href":"https:\/\/www.stephan-gmbh.com\/fr\/wp-json\/wp\/v2\/users\/8"}],"replies":[{"embeddable":true,"href":"https:\/\/www.stephan-gmbh.com\/fr\/wp-json\/wp\/v2\/comments?post=11419"}],"version-history":[{"count":1,"href":"https:\/\/www.stephan-gmbh.com\/fr\/wp-json\/wp\/v2\/pages\/11419\/revisions"}],"predecessor-version":[{"id":11420,"href":"https:\/\/www.stephan-gmbh.com\/fr\/wp-json\/wp\/v2\/pages\/11419\/revisions\/11420"}],"wp:attachment":[{"href":"https:\/\/www.stephan-gmbh.com\/fr\/wp-json\/wp\/v2\/media?parent=11419"}],"curies":[{"name":"wp","href":"https:\/\/api.w.org\/{rel}","templated":true}]}}