{"id":8100,"date":"2015-12-14T04:10:44","date_gmt":"2015-12-14T03:10:44","guid":{"rendered":"https:\/\/www.stephan-gmbh.com\/produkte-zubehoer\/"},"modified":"2023-09-12T09:38:48","modified_gmt":"2023-09-12T07:38:48","slug":"produkte-zubehoer","status":"publish","type":"page","link":"https:\/\/www.stephan-gmbh.com\/fr\/produkte-zubehoer\/","title":{"rendered":"Produits et accessoires"},"content":{"rendered":"<p><div class=\"fusion-fullwidth fullwidth-box fusion-builder-row-1 hundred-percent-fullwidth non-hundred-percent-height-scrolling\" style=\"--awb-background-position:left top;--awb-border-sizes-top:0px;--awb-border-sizes-bottom:0px;--awb-border-sizes-left:0px;--awb-border-sizes-right:0px;--awb-border-radius-top-left:0px;--awb-border-radius-top-right:0px;--awb-border-radius-bottom-right:0px;--awb-border-radius-bottom-left:0px;--awb-padding-top:100px;--awb-padding-right:12%;--awb-padding-bottom:115px;--awb-padding-left:12%;--awb-background-color:#ffffff;--awb-flex-wrap:wrap;\" ><div class=\"fusion-builder-row fusion-row\"><div class=\"fusion-layout-column fusion_builder_column fusion-builder-column-0 fusion_builder_column_2_3 2_3 fusion-two-third fusion-column-first\" style=\"--awb-bg-size:cover;width:66.666666666667%;width:calc(66.666666666667% - ( ( 4% ) * 0.66666666666667 ) );margin-right: 4%;\"><div class=\"fusion-column-wrapper fusion-flex-column-wrapper-legacy\"><div class=\"fusion-text fusion-text-1\"><h1>Des produits performants pour la ventilation<br \/>\net l&rsquo;oxyg\u00e9nation<\/h1>\n<\/div><div class=\"fusion-sep-clear\"><\/div><div class=\"fusion-separator fusion-clearfix\" style=\"float:left;width:100%;max-width:150px;\"><div class=\"fusion-separator-border sep-single sep-solid\" style=\"--awb-height:20px;--awb-amount:20px;border-color:#e0dede;border-top-width:1px;\"><\/div><\/div><div class=\"fusion-sep-clear\"><\/div><div class=\"fusion-clearfix\"><\/div><\/div><\/div><div class=\"fusion-layout-column fusion_builder_column fusion-builder-column-1 fusion_builder_column_1_3 1_3 fusion-one-third fusion-column-last\" style=\"--awb-bg-size:cover;width:33.333333333333%;width:calc(33.333333333333% - ( ( 4% ) * 0.33333333333333 ) );\"><div class=\"fusion-column-wrapper fusion-flex-column-wrapper-legacy\"><div class=\"fusion-clearfix\"><\/div><\/div><\/div><div class=\"fusion-layout-column fusion_builder_column fusion-builder-column-2 fusion_builder_column_1_2 1_2 fusion-one-half fusion-column-first\" style=\"--awb-bg-size:cover;width:50%;width:calc(50% - ( ( 4% ) * 0.5 ) );margin-right: 4%;\"><div class=\"fusion-column-wrapper fusion-flex-column-wrapper-legacy\"><div class=\"fusion-text fusion-text-2\"><p>Nos produits veillent \u00e0 ce que les patients, petits et grands, aient toujours suffisamment d&rsquo;air pour respirer. Ils accompagnent les nouveau-n\u00e9s et les pr\u00e9matur\u00e9s qui ont des d\u00e9buts difficiles dans la vie ; ils aident les enfants et les adultes qui ont besoin d&rsquo;une assistance respiratoire en raison d&rsquo;un accident ou d&rsquo;une maladie ; et ils assurent l&rsquo;approvisionnement en oxyg\u00e8ne n\u00e9cessaire dans les h\u00f4pitaux, les zones de crise et dans le cadre de la protection civile. Ils contribuent ainsi \u00e0 prot\u00e9ger la vie des patients dans les domaines d&rsquo;intervention les plus divers, que ce soit dans un environnement clinique ou dans des ambulances et des h\u00e9licopt\u00e8res.<\/p>\n<\/div><div class=\"fusion-clearfix\"><\/div><\/div><\/div><div class=\"fusion-layout-column fusion_builder_column fusion-builder-column-3 fusion_builder_column_1_2 1_2 fusion-one-half fusion-column-last\" style=\"--awb-bg-size:cover;width:50%;width:calc(50% - ( ( 4% ) * 0.5 ) );\"><div class=\"fusion-column-wrapper fusion-flex-column-wrapper-legacy\"><div class=\"fusion-text fusion-text-3\"><p>Dans le monde entier, les infirmi\u00e8res et les m\u00e9decins appr\u00e9cient les produits de la maison Fritz Stephan. Non seulement parce qu&rsquo;ils sont tr\u00e8s performants, mais aussi parce qu&rsquo;ils sont con\u00e7us pour apporter un soutien optimal lors des soins m\u00e9dicaux aux petits et grands patients. Assurer des t\u00e2ches de surveillance, d\u00e9terminer, documenter et \u00e9valuer des donn\u00e9es &#8211; nos produits prennent en charge de nombreuses t\u00e2ches et ouvrent ainsi de nouvelles fen\u00eatres de temps pour des soins et une assistance encore meilleurs et plus intensifs d&rsquo;une personne \u00e0 l&rsquo;autre.<\/p>\n<\/div><div class=\"fusion-clearfix\"><\/div><\/div><\/div><\/div><\/div><div class=\"fusion-fullwidth fullwidth-box fusion-builder-row-2 nonhundred-percent-fullwidth non-hundred-percent-height-scrolling fusion-equal-height-columns\" style=\"--awb-background-position:left top;--awb-border-sizes-top:0px;--awb-border-sizes-bottom:0px;--awb-border-sizes-left:0px;--awb-border-sizes-right:0px;--awb-border-radius-top-left:0px;--awb-border-radius-top-right:0px;--awb-border-radius-bottom-right:0px;--awb-border-radius-bottom-left:0px;--awb-background-color:#ffffff;--awb-flex-wrap:wrap;\" ><div class=\"fusion-builder-row fusion-row\"><div class=\"fusion-layout-column fusion_builder_column fusion-builder-column-4 fusion_builder_column_1_3 1_3 fusion-one-third fusion-column-first fusion-no-small-visibility\" style=\"--awb-padding-top:8%;--awb-padding-right:8%;--awb-padding-bottom:8%;--awb-padding-left:8%;--awb-bg-color:#f9f9f9;--awb-bg-color-hover:#f9f9f9;--awb-bg-size:cover;width:30.6666%; margin-right: 4%;\"><div class=\"fusion-column-wrapper fusion-flex-column-wrapper-legacy\"><div class=\"fusion-image-element in-legacy-container\" style=\"--awb-caption-title-font-family:var(--h2_typography-font-family);--awb-caption-title-font-weight:var(--h2_typography-font-weight);--awb-caption-title-font-style:var(--h2_typography-font-style);--awb-caption-title-size:var(--h2_typography-font-size);--awb-caption-title-transform:var(--h2_typography-text-transform);--awb-caption-title-line-height:var(--h2_typography-line-height);--awb-caption-title-letter-spacing:var(--h2_typography-letter-spacing);\"><span class=\" fusion-imageframe imageframe-none imageframe-1 hover-type-none\"><img decoding=\"async\" width=\"400\" height=\"267\" title=\"EasyFlow_2\" src=\"https:\/\/www.stephan-gmbh.com\/wp-content\/uploads\/2018\/08\/EasyFlow_2-400x267.jpg\" alt class=\"img-responsive wp-image-1905\" srcset=\"https:\/\/www.stephan-gmbh.com\/wp-content\/uploads\/2018\/08\/EasyFlow_2-200x133.jpg 200w, https:\/\/www.stephan-gmbh.com\/wp-content\/uploads\/2018\/08\/EasyFlow_2-400x267.jpg 400w, https:\/\/www.stephan-gmbh.com\/wp-content\/uploads\/2018\/08\/EasyFlow_2-600x400.jpg 600w, https:\/\/www.stephan-gmbh.com\/wp-content\/uploads\/2018\/08\/EasyFlow_2-800x533.jpg 800w, https:\/\/www.stephan-gmbh.com\/wp-content\/uploads\/2018\/08\/EasyFlow_2-1200x800.jpg 1200w\" sizes=\"(max-width: 1000px) 100vw, 400px\" \/><\/span><\/div><div class=\"fusion-sep-clear\"><\/div><div class=\"fusion-separator fusion-full-width-sep\" style=\"margin-left: auto;margin-right: auto;margin-top:15px;width:100%;\"><\/div><div class=\"fusion-sep-clear\"><\/div><div class=\"fusion-text fusion-text-4\"><h4 style=\"text-align: center;\">N\u00e9onatologie<\/h4>\n<p style=\"text-align: center;\">Nous connaissons tr\u00e8s bien les exigences particuli\u00e8res de la ventilation des nouveau-n\u00e9s et des pr\u00e9matur\u00e9s. Et nous d\u00e9veloppons des produits qui offrent des performances exceptionnelles.<\/p>\n<\/div><div class=\"fusion-sep-clear\"><\/div><div class=\"fusion-separator fusion-full-width-sep\" style=\"margin-left: auto;margin-right: auto;margin-top:15px;width:100%;\"><\/div><div class=\"fusion-sep-clear\"><\/div><div class=\"fusion-aligncenter\"><a class=\"fusion-button button-flat fusion-button-default-size button-custom fusion-button-default button-1 fusion-button-default-span fusion-button-default-type\" style=\"--button_accent_color:#028143;--button_border_color:#028143;--button_accent_hover_color:#ffffff;--button_border_hover_color:#ffffff;--button_border_width-top:1px;--button_border_width-right:1px;--button_border_width-bottom:1px;--button_border_width-left:1px;--button_gradient_top_color:rgba(255,255,255,0);--button_gradient_bottom_color:rgba(255,255,255,0);--button_gradient_top_color_hover:#028143;--button_gradient_bottom_color_hover:#028143;\" target=\"_self\" href=\"https:\/\/www.stephan-gmbh.com\/produkte\/neonatologie\"><span class=\"fusion-button-text awb-button__text awb-button__text--default\">En savoir plus<\/span><\/a><\/div><div class=\"fusion-clearfix\"><\/div><\/div><\/div><div class=\"fusion-layout-column fusion_builder_column fusion-builder-column-5 fusion_builder_column_1_3 1_3 fusion-one-third fusion-no-small-visibility\" style=\"--awb-padding-top:8%;--awb-padding-right:8%;--awb-padding-bottom:8%;--awb-padding-left:8%;--awb-bg-color:#f9f9f9;--awb-bg-color-hover:#f9f9f9;--awb-bg-size:cover;width:30.6666%; margin-right: 4%;\"><div class=\"fusion-column-wrapper fusion-flex-column-wrapper-legacy\"><div class=\"fusion-image-element in-legacy-container\" style=\"--awb-caption-title-font-family:var(--h2_typography-font-family);--awb-caption-title-font-weight:var(--h2_typography-font-weight);--awb-caption-title-font-style:var(--h2_typography-font-style);--awb-caption-title-size:var(--h2_typography-font-size);--awb-caption-title-transform:var(--h2_typography-text-transform);--awb-caption-title-line-height:var(--h2_typography-line-height);--awb-caption-title-letter-spacing:var(--h2_typography-letter-spacing);\"><span class=\" fusion-imageframe imageframe-none imageframe-2 hover-type-none\"><img decoding=\"async\" width=\"400\" height=\"403\" title=\"EVE_TR_frei (1)\" src=\"https:\/\/www.stephan-gmbh.com\/wp-content\/uploads\/2018\/07\/EVE_TR_frei-1-400x403.png\" alt class=\"img-responsive wp-image-8211\" srcset=\"https:\/\/www.stephan-gmbh.com\/wp-content\/uploads\/2018\/07\/EVE_TR_frei-1-200x202.png 200w, https:\/\/www.stephan-gmbh.com\/wp-content\/uploads\/2018\/07\/EVE_TR_frei-1-400x403.png 400w, https:\/\/www.stephan-gmbh.com\/wp-content\/uploads\/2018\/07\/EVE_TR_frei-1-600x605.png 600w, https:\/\/www.stephan-gmbh.com\/wp-content\/uploads\/2018\/07\/EVE_TR_frei-1-800x807.png 800w, https:\/\/www.stephan-gmbh.com\/wp-content\/uploads\/2018\/07\/EVE_TR_frei-1-1200x1210.png 1200w\" sizes=\"(max-width: 1000px) 100vw, 400px\" \/><\/span><\/div><div class=\"fusion-sep-clear\"><\/div><div class=\"fusion-separator fusion-full-width-sep\" style=\"margin-left: auto;margin-right: auto;margin-top:15px;width:100%;\"><\/div><div class=\"fusion-sep-clear\"><\/div><div class=\"fusion-text fusion-text-5\"><h4 style=\"text-align: center;\"><span lang=\"FR\">Ventilation pour adulte<\/span><\/h4>\n<p style=\"text-align: center;\">Une ventilation optimale de soins intensifs et de transport avec un seul appareil ? C&rsquo;est possible gr\u00e2ce \u00e0 notre syst\u00e8me de ventilation multifonctionnel EVE.<\/p>\n<\/div><div class=\"fusion-sep-clear\"><\/div><div class=\"fusion-separator fusion-full-width-sep\" style=\"margin-left: auto;margin-right: auto;margin-top:15px;width:100%;\"><\/div><div class=\"fusion-sep-clear\"><\/div><div class=\"fusion-aligncenter\"><a class=\"fusion-button button-flat fusion-button-default-size button-custom fusion-button-default button-2 fusion-button-default-span fusion-button-default-type\" style=\"--button_accent_color:#028143;--button_border_color:#028143;--button_accent_hover_color:#ffffff;--button_border_hover_color:#ffffff;--button_border_width-top:1px;--button_border_width-right:1px;--button_border_width-bottom:1px;--button_border_width-left:1px;--button_gradient_top_color:rgba(255,255,255,0);--button_gradient_bottom_color:rgba(255,255,255,0);--button_gradient_top_color_hover:#028143;--button_gradient_bottom_color_hover:#028143;\" target=\"_self\" href=\"https:\/\/www.stephan-gmbh.com\/produkte\/erwachsenen-beatmung\"><span class=\"fusion-button-text awb-button__text awb-button__text--default\">En savoir plus<\/span><\/a><\/div><div class=\"fusion-clearfix\"><\/div><\/div><\/div><div class=\"fusion-layout-column fusion_builder_column fusion-builder-column-6 fusion_builder_column_1_3 1_3 fusion-one-third fusion-column-last fusion-no-small-visibility\" style=\"--awb-padding-top:8%;--awb-padding-right:8%;--awb-padding-bottom:8%;--awb-padding-left:8%;--awb-bg-color:#f9f9f9;--awb-bg-color-hover:#f9f9f9;--awb-bg-size:cover;width:30.6666%;\"><div class=\"fusion-column-wrapper fusion-flex-column-wrapper-legacy\"><div class=\"fusion-image-element in-legacy-container\" style=\"--awb-caption-title-font-family:var(--h2_typography-font-family);--awb-caption-title-font-weight:var(--h2_typography-font-weight);--awb-caption-title-font-style:var(--h2_typography-font-style);--awb-caption-title-size:var(--h2_typography-font-size);--awb-caption-title-transform:var(--h2_typography-text-transform);--awb-caption-title-line-height:var(--h2_typography-line-height);--awb-caption-title-letter-spacing:var(--h2_typography-letter-spacing);\"><span class=\" fusion-imageframe imageframe-none imageframe-3 hover-type-none\"><img decoding=\"async\" width=\"1535\" height=\"2126\" title=\"Sauerstoff-Versorgung\" src=\"https:\/\/www.stephan-gmbh.com\/wp-content\/uploads\/2021\/05\/OC_Modul_neu.png\" alt class=\"img-responsive wp-image-8547\" srcset=\"https:\/\/www.stephan-gmbh.com\/wp-content\/uploads\/2021\/05\/OC_Modul_neu-200x277.png 200w, https:\/\/www.stephan-gmbh.com\/wp-content\/uploads\/2021\/05\/OC_Modul_neu-400x554.png 400w, https:\/\/www.stephan-gmbh.com\/wp-content\/uploads\/2021\/05\/OC_Modul_neu-600x831.png 600w, https:\/\/www.stephan-gmbh.com\/wp-content\/uploads\/2021\/05\/OC_Modul_neu-800x1108.png 800w, https:\/\/www.stephan-gmbh.com\/wp-content\/uploads\/2021\/05\/OC_Modul_neu-1200x1662.png 1200w, https:\/\/www.stephan-gmbh.com\/wp-content\/uploads\/2021\/05\/OC_Modul_neu.png 1535w\" sizes=\"(max-width: 1000px) 100vw, 400px\" \/><\/span><\/div><div class=\"fusion-sep-clear\"><\/div><div class=\"fusion-separator fusion-full-width-sep\" style=\"margin-left: auto;margin-right: auto;margin-top:15px;width:100%;\"><\/div><div class=\"fusion-sep-clear\"><\/div><div class=\"fusion-text fusion-text-6\"><h4 style=\"text-align: center;\"><span lang=\"FR\">Alimentation en oxyg\u00e8ne<\/span><\/h4>\n<p style=\"text-align: center;\">Nos solutions compl\u00e8tes d&rsquo;approvisionnement en oxyg\u00e8ne sont utilis\u00e9es dans le monde entier et fonctionnent de mani\u00e8re s\u00fbre et \u00e9conomique.<\/p>\n<\/div><div class=\"fusion-sep-clear\"><\/div><div class=\"fusion-separator fusion-full-width-sep\" style=\"margin-left: auto;margin-right: auto;margin-top:15px;width:100%;\"><\/div><div class=\"fusion-sep-clear\"><\/div><div class=\"fusion-aligncenter\"><a class=\"fusion-button button-flat fusion-button-default-size button-custom fusion-button-default button-3 fusion-button-default-span fusion-button-default-type\" style=\"--button_accent_color:#028143;--button_border_color:#028143;--button_accent_hover_color:#ffffff;--button_border_hover_color:#ffffff;--button_border_width-top:1px;--button_border_width-right:1px;--button_border_width-bottom:1px;--button_border_width-left:1px;--button_gradient_top_color:rgba(255,255,255,0);--button_gradient_bottom_color:rgba(255,255,255,0);--button_gradient_top_color_hover:#028143;--button_gradient_bottom_color_hover:#028143;\" target=\"_self\" href=\"https:\/\/www.stephan-gmbh.com\/produkte\/sauerstoff-versorgung\"><span class=\"fusion-button-text awb-button__text awb-button__text--default\">En savoir plus<\/span><\/a><\/div><div class=\"fusion-clearfix\"><\/div><\/div><\/div><\/div><\/div><\/p>\n","protected":false},"excerpt":{"rendered":"","protected":false},"author":1,"featured_media":0,"parent":0,"menu_order":1,"comment_status":"closed","ping_status":"closed","template":"100-width.php","meta":{"footnotes":""},"class_list":["post-8100","page","type-page","status-publish","hentry"],"yoast_head":"<!-- This site is optimized with the Yoast SEO plugin v27.3 - https:\/\/yoast.com\/product\/yoast-seo-wordpress\/ -->\n<title>Produits et accessoires - Fritz Stephan GmbH<\/title>\n<meta name=\"robots\" content=\"index, follow, max-snippet:-1, max-image-preview:large, max-video-preview:-1\" \/>\n<link rel=\"canonical\" href=\"https:\/\/www.stephan-gmbh.com\/fr\/produkte-zubehoer\/\" \/>\n<meta property=\"og:locale\" content=\"fr_FR\" \/>\n<meta property=\"og:type\" content=\"article\" \/>\n<meta property=\"og:title\" content=\"Produits et accessoires - Fritz Stephan GmbH\" \/>\n<meta property=\"og:url\" content=\"https:\/\/www.stephan-gmbh.com\/fr\/produkte-zubehoer\/\" \/>\n<meta property=\"og:site_name\" content=\"Fritz Stephan GmbH\" \/>\n<meta property=\"article:modified_time\" content=\"2023-09-12T07:38:48+00:00\" \/>\n<meta name=\"twitter:card\" content=\"summary_large_image\" \/>\n<meta name=\"twitter:label1\" content=\"Dur\u00e9e de lecture estim\u00e9e\" \/>\n\t<meta name=\"twitter:data1\" content=\"8 minutes\" \/>\n<script type=\"application\/ld+json\" class=\"yoast-schema-graph\">{\"@context\":\"https:\\\/\\\/schema.org\",\"@graph\":[{\"@type\":\"WebPage\",\"@id\":\"https:\\\/\\\/www.stephan-gmbh.com\\\/fr\\\/produkte-zubehoer\\\/\",\"url\":\"https:\\\/\\\/www.stephan-gmbh.com\\\/fr\\\/produkte-zubehoer\\\/\",\"name\":\"Produits et accessoires - Fritz Stephan GmbH\",\"isPartOf\":{\"@id\":\"https:\\\/\\\/www.stephan-gmbh.com\\\/#website\"},\"datePublished\":\"2015-12-14T03:10:44+00:00\",\"dateModified\":\"2023-09-12T07:38:48+00:00\",\"breadcrumb\":{\"@id\":\"https:\\\/\\\/www.stephan-gmbh.com\\\/fr\\\/produkte-zubehoer\\\/#breadcrumb\"},\"inLanguage\":\"fr-FR\",\"potentialAction\":[{\"@type\":\"ReadAction\",\"target\":[\"https:\\\/\\\/www.stephan-gmbh.com\\\/fr\\\/produkte-zubehoer\\\/\"]}]},{\"@type\":\"BreadcrumbList\",\"@id\":\"https:\\\/\\\/www.stephan-gmbh.com\\\/fr\\\/produkte-zubehoer\\\/#breadcrumb\",\"itemListElement\":[{\"@type\":\"ListItem\",\"position\":1,\"name\":\"Startseite\",\"item\":\"https:\\\/\\\/www.stephan-gmbh.com\\\/fr\\\/\"},{\"@type\":\"ListItem\",\"position\":2,\"name\":\"Produits et accessoires\"}]},{\"@type\":\"WebSite\",\"@id\":\"https:\\\/\\\/www.stephan-gmbh.com\\\/#website\",\"url\":\"https:\\\/\\\/www.stephan-gmbh.com\\\/\",\"name\":\"Fritz Stephan GmbH\",\"description\":\"\",\"potentialAction\":[{\"@type\":\"SearchAction\",\"target\":{\"@type\":\"EntryPoint\",\"urlTemplate\":\"https:\\\/\\\/www.stephan-gmbh.com\\\/?s={search_term_string}\"},\"query-input\":{\"@type\":\"PropertyValueSpecification\",\"valueRequired\":true,\"valueName\":\"search_term_string\"}}],\"inLanguage\":\"fr-FR\"}]}<\/script>\n<!-- \/ Yoast SEO plugin. -->","yoast_head_json":{"title":"Produits et accessoires - Fritz Stephan GmbH","robots":{"index":"index","follow":"follow","max-snippet":"max-snippet:-1","max-image-preview":"max-image-preview:large","max-video-preview":"max-video-preview:-1"},"canonical":"https:\/\/www.stephan-gmbh.com\/fr\/produkte-zubehoer\/","og_locale":"fr_FR","og_type":"article","og_title":"Produits et accessoires - Fritz Stephan GmbH","og_url":"https:\/\/www.stephan-gmbh.com\/fr\/produkte-zubehoer\/","og_site_name":"Fritz Stephan GmbH","article_modified_time":"2023-09-12T07:38:48+00:00","twitter_card":"summary_large_image","twitter_misc":{"Dur\u00e9e de lecture estim\u00e9e":"8 minutes"},"schema":{"@context":"https:\/\/schema.org","@graph":[{"@type":"WebPage","@id":"https:\/\/www.stephan-gmbh.com\/fr\/produkte-zubehoer\/","url":"https:\/\/www.stephan-gmbh.com\/fr\/produkte-zubehoer\/","name":"Produits et accessoires - Fritz Stephan GmbH","isPartOf":{"@id":"https:\/\/www.stephan-gmbh.com\/#website"},"datePublished":"2015-12-14T03:10:44+00:00","dateModified":"2023-09-12T07:38:48+00:00","breadcrumb":{"@id":"https:\/\/www.stephan-gmbh.com\/fr\/produkte-zubehoer\/#breadcrumb"},"inLanguage":"fr-FR","potentialAction":[{"@type":"ReadAction","target":["https:\/\/www.stephan-gmbh.com\/fr\/produkte-zubehoer\/"]}]},{"@type":"BreadcrumbList","@id":"https:\/\/www.stephan-gmbh.com\/fr\/produkte-zubehoer\/#breadcrumb","itemListElement":[{"@type":"ListItem","position":1,"name":"Startseite","item":"https:\/\/www.stephan-gmbh.com\/fr\/"},{"@type":"ListItem","position":2,"name":"Produits et accessoires"}]},{"@type":"WebSite","@id":"https:\/\/www.stephan-gmbh.com\/#website","url":"https:\/\/www.stephan-gmbh.com\/","name":"Fritz Stephan GmbH","description":"","potentialAction":[{"@type":"SearchAction","target":{"@type":"EntryPoint","urlTemplate":"https:\/\/www.stephan-gmbh.com\/?s={search_term_string}"},"query-input":{"@type":"PropertyValueSpecification","valueRequired":true,"valueName":"search_term_string"}}],"inLanguage":"fr-FR"}]}},"_links":{"self":[{"href":"https:\/\/www.stephan-gmbh.com\/fr\/wp-json\/wp\/v2\/pages\/8100","targetHints":{"allow":["GET"]}}],"collection":[{"href":"https:\/\/www.stephan-gmbh.com\/fr\/wp-json\/wp\/v2\/pages"}],"about":[{"href":"https:\/\/www.stephan-gmbh.com\/fr\/wp-json\/wp\/v2\/types\/page"}],"author":[{"embeddable":true,"href":"https:\/\/www.stephan-gmbh.com\/fr\/wp-json\/wp\/v2\/users\/1"}],"replies":[{"embeddable":true,"href":"https:\/\/www.stephan-gmbh.com\/fr\/wp-json\/wp\/v2\/comments?post=8100"}],"version-history":[{"count":0,"href":"https:\/\/www.stephan-gmbh.com\/fr\/wp-json\/wp\/v2\/pages\/8100\/revisions"}],"wp:attachment":[{"href":"https:\/\/www.stephan-gmbh.com\/fr\/wp-json\/wp\/v2\/media?parent=8100"}],"curies":[{"name":"wp","href":"https:\/\/api.w.org\/{rel}","templated":true}]}}