{"id":8353,"date":"2018-01-29T15:37:58","date_gmt":"2018-01-29T14:37:58","guid":{"rendered":"https:\/\/www.stephan-gmbh.com\/impressum\/"},"modified":"2025-10-29T09:54:58","modified_gmt":"2025-10-29T08:54:58","slug":"impressum","status":"publish","type":"page","link":"https:\/\/www.stephan-gmbh.com\/fr\/impressum\/","title":{"rendered":"Impressum"},"content":{"rendered":"<div class=\"fusion-fullwidth fullwidth-box fusion-builder-row-1 nonhundred-percent-fullwidth non-hundred-percent-height-scrolling\" style=\"--awb-background-position:left top;--awb-border-sizes-top:0px;--awb-border-sizes-bottom:0px;--awb-border-sizes-left:0px;--awb-border-sizes-right:0px;--awb-border-radius-top-left:0px;--awb-border-radius-top-right:0px;--awb-border-radius-bottom-right:0px;--awb-border-radius-bottom-left:0px;--awb-padding-bottom:15px;--awb-background-color:#ffffff;--awb-flex-wrap:wrap;\" ><div class=\"fusion-builder-row fusion-row\"><div class=\"fusion-layout-column fusion_builder_column fusion-builder-column-0 fusion_builder_column_1_1 1_1 fusion-one-full fusion-column-first fusion-column-last\" style=\"--awb-bg-size:cover;\"><div class=\"fusion-column-wrapper fusion-flex-column-wrapper-legacy\"><div class=\"fusion-text fusion-text-1\"><h1>Impressum<\/h1>\n<\/div><div class=\"fusion-sep-clear\"><\/div><div class=\"fusion-separator fusion-clearfix\" style=\"float:left;margin-top:15px;margin-bottom:35px;width:100%;max-width:150px;\"><div class=\"fusion-separator-border sep-single sep-solid\" style=\"--awb-height:20px;--awb-amount:20px;--awb-sep-color:#dbdbdb;border-color:#dbdbdb;border-top-width:2px;\"><\/div><\/div><div class=\"fusion-sep-clear\"><\/div><div class=\"fusion-text fusion-text-2\"><p>Angaben gem\u00e4\u00df \u00a7 5 DDG<\/p>\n<p>Fritz Stephan GmbH<br \/>\nMedizintechnik<br \/>\nKirchstr. 19<br \/>\n56412 Gackenbach<\/p>\n<p>Tel +49 6439 9125 0<br \/>\nFax +49 6439 9125 111<\/p>\n<p><a href=\"mailto:info@stephan-gmbh.com\">info@stephan-gmbh.com<\/a><\/p>\n<p><strong><br \/>\n<\/strong>Fritz Stephan GmbH<br \/>\nEntwicklungsb\u00fcro Chemnitz<br \/>\nRingstr. 45<br \/>\n09247 Chemnitz<\/p>\n<p><strong>Vertreten durch:<\/strong><br \/>\nBernd H\u00f6hne Jan Schliecker<\/p>\n<p><strong>Inhaltlich verantwortlich gem\u00e4\u00df \u00a7 5 DDG und \u00a7 18 MStV:<\/strong><br \/>\nJan Schliecker<br \/>\nKirchstr. 19<br \/>\n56412 Gackenbach<\/p>\n<p><strong>Registereintrag:<\/strong><br \/>\nEintragung im Handelsregister.<br \/>\nRegistergericht: Montabaur<br \/>\nRegisternummer: HRB4241<\/p>\n<p><strong>Umsatzsteuer-ID:<\/strong><br \/>\nUmsatzsteuer-Identifikationsnummer gem\u00e4\u00df \u00a727a Umsatzsteuergesetz: DE199109395<\/p>\n<p><strong>WEEE-Reg.-Nr.:<\/strong><br \/>\nDE 67685767<\/p>\n<p><strong>Reg.-Nr. Verpackungsregister:<\/strong><br \/>\nDE 3514961557805<\/p>\n<p><strong>Zust\u00e4ndige Aufsichtsbeh\u00f6rden:<br \/>\n<\/strong>Stuktur- und Genehmigungsdirektion Nord<br \/>\nStresemannstr. 3-5<br \/>\n56068 Koblenz<br \/>\nTel.: +49 (0) 261 1200<br \/>\nFax: +49 (0) 261 2200<br \/>\nEmail: Poststelle@sgdnord.rlp.de<\/p>\n<p>Landesamt f\u00fcr Soziales, Jugend und Versorgung<br \/>\nRheinallee 97-101<br \/>\n55118 Mainz<br \/>\nTel.: +49 (0) 6131 967 0<br \/>\nFax: +49 (0) 6131 967 353<br \/>\nEmail: Pressestelle@lsjv.rlp.de<\/p>\n<p>Kreisverwaltung des Westerwaldkreises<br \/>\nPeter-Altmeier-Platz 1<br \/>\n56410 Montabaur<br \/>\nTel.: +49 (0) 2602 124 0<br \/>\nFax: +49 (0) 2602 124 238<br \/>\nEmail: kreisverwaltung@westerwaldkreis.de<br \/>\nInternet: www.westerwaldkreis.de<\/p>\n<p><strong>Haftungsausschluss:<\/strong><\/p>\n<p><strong>Haftung f\u00fcr Inhalte<\/strong><br \/>\nDie Inhalte unserer Seiten wurden mit gr\u00f6\u00dfter Sorgfalt erstellt. F\u00fcr die Richtigkeit, Vollst\u00e4ndigkeit und Aktualit\u00e4t der Inhalte k\u00f6nnen wir jedoch keine Gew\u00e4hr \u00fcbernehmen. Als Diensteanbieter sind wir gem\u00e4\u00df \u00a7 5 DDG f\u00fcr eigene Inhalte auf diesen Seiten nach den allgemeinen Gesetzen verantwortlich. Nach \u00a7 5 DDG sind wir als Diensteanbieter jedoch nicht verpflichtet, \u00fcbermittelte oder gespeicherte fremde Informationen zu \u00fcberwachen oder nach Umst\u00e4nden zu forschen, die auf eine rechtswidrige T\u00e4tigkeit hinweisen. Verpflichtungen zur Entfernung oder Sperrung der Nutzung von Informationen nach den allgemeinen Gesetzen bleiben hiervon unber\u00fchrt. Eine diesbez\u00fcgliche Haftung ist jedoch erst ab dem Zeitpunkt der Kenntnis einer konkreten Rechtsverletzung m\u00f6glich. Bei Bekanntwerden von entsprechenden Rechtsverletzungen werden wir diese Inhalte umgehend entfernen.<br \/>\nDiese Angaben entsprechen den gesetzlichen Anforderungen gem\u00e4\u00df \u00a75 des Digital-Dienste-Gesetzes (DDG) und \u00a718 des Staatsvertrags \u00fcber den<br \/>\nMedienstaatsvertrag (MStV).<\/p>\n<p><strong>Haftung f\u00fcr Links<\/strong><br \/>\nUnser Angebot enth\u00e4lt Links zu externen Webseiten Dritter, auf deren Inhalte wir keinen Einfluss haben. Deshalb k\u00f6nnen wir f\u00fcr diese fremden Inhalte auch keine Gew\u00e4hr \u00fcbernehmen. F\u00fcr die Inhalte der verlinkten Seiten ist stets der jeweilige Anbieter oder Betreiber der Seiten verantwortlich. Die verlinkten Seiten wurden zum Zeitpunkt der Verlinkung auf m\u00f6gliche Rechtsverst\u00f6\u00dfe \u00fcberpr\u00fcft. Rechtswidrige Inhalte waren zum Zeitpunkt der Verlinkung nicht erkennbar. Eine permanente inhaltliche Kontrolle der verlinkten Seiten ist jedoch ohne konkrete Anhaltspunkte einer Rechtsverletzung nicht zumutbar. Bei Bekanntwerden von Rechtsverletzungen werden wir derartige Links umgehend entfernen.<\/p>\n<p><strong>Urheberrecht<\/strong><br \/>\nDie durch die Seitenbetreiber erstellten Inhalte und Werke auf diesen Seiten unterliegen dem deutschen Urheberrecht. Die Vervielf\u00e4ltigung, Bearbeitung, Verbreitung und jede Art der Verwertung au\u00dferhalb der Grenzen des Urheberrechtes bed\u00fcrfen der schriftlichen Zustimmung des jeweiligen Autors bzw. Erstellers. Downloads und Kopien dieser Seite sind nur f\u00fcr den privaten, nicht kommerziellen Gebrauch gestattet. Soweit die Inhalte auf dieser Seite nicht vom Betreiber erstellt wurden, werden die Urheberrechte Dritter beachtet. Insbesondere werden Inhalte Dritter als solche gekennzeichnet. Sollten Sie trotzdem auf eine Urheberrechtsverletzung aufmerksam werden, bitten wir um einen entsprechenden Hinweis. Bei Bekanntwerden von Rechtsverletzungen werden wir derartige Inhalte umgehend entfernen.<\/p>\n<\/div><div class=\"fusion-clearfix\"><\/div><\/div><\/div><\/div><\/div>\n","protected":false},"excerpt":{"rendered":"","protected":false},"author":1,"featured_media":0,"parent":0,"menu_order":97,"comment_status":"closed","ping_status":"closed","template":"100-width.php","meta":{"footnotes":""},"class_list":["post-8353","page","type-page","status-publish","hentry"],"yoast_head":"<!-- This site is optimized with the Yoast SEO plugin v27.3 - https:\/\/yoast.com\/product\/yoast-seo-wordpress\/ -->\n<title>Impressum - Fritz Stephan GmbH<\/title>\n<meta name=\"robots\" content=\"index, follow, max-snippet:-1, max-image-preview:large, max-video-preview:-1\" \/>\n<link rel=\"canonical\" href=\"https:\/\/www.stephan-gmbh.com\/fr\/impressum\/\" \/>\n<meta property=\"og:locale\" content=\"fr_FR\" \/>\n<meta property=\"og:type\" content=\"article\" \/>\n<meta property=\"og:title\" content=\"Impressum - Fritz Stephan GmbH\" \/>\n<meta property=\"og:url\" content=\"https:\/\/www.stephan-gmbh.com\/fr\/impressum\/\" \/>\n<meta property=\"og:site_name\" content=\"Fritz Stephan GmbH\" \/>\n<meta property=\"article:modified_time\" content=\"2025-10-29T08:54:58+00:00\" \/>\n<meta name=\"twitter:card\" content=\"summary_large_image\" \/>\n<meta name=\"twitter:label1\" content=\"Dur\u00e9e de lecture estim\u00e9e\" \/>\n\t<meta name=\"twitter:data1\" content=\"3 minutes\" \/>\n<script type=\"application\/ld+json\" class=\"yoast-schema-graph\">{\"@context\":\"https:\\\/\\\/schema.org\",\"@graph\":[{\"@type\":\"WebPage\",\"@id\":\"https:\\\/\\\/www.stephan-gmbh.com\\\/fr\\\/impressum\\\/\",\"url\":\"https:\\\/\\\/www.stephan-gmbh.com\\\/fr\\\/impressum\\\/\",\"name\":\"Impressum - Fritz Stephan GmbH\",\"isPartOf\":{\"@id\":\"https:\\\/\\\/www.stephan-gmbh.com\\\/#website\"},\"datePublished\":\"2018-01-29T14:37:58+00:00\",\"dateModified\":\"2025-10-29T08:54:58+00:00\",\"breadcrumb\":{\"@id\":\"https:\\\/\\\/www.stephan-gmbh.com\\\/fr\\\/impressum\\\/#breadcrumb\"},\"inLanguage\":\"fr-FR\",\"potentialAction\":[{\"@type\":\"ReadAction\",\"target\":[\"https:\\\/\\\/www.stephan-gmbh.com\\\/fr\\\/impressum\\\/\"]}]},{\"@type\":\"BreadcrumbList\",\"@id\":\"https:\\\/\\\/www.stephan-gmbh.com\\\/fr\\\/impressum\\\/#breadcrumb\",\"itemListElement\":[{\"@type\":\"ListItem\",\"position\":1,\"name\":\"Startseite\",\"item\":\"https:\\\/\\\/www.stephan-gmbh.com\\\/fr\\\/\"},{\"@type\":\"ListItem\",\"position\":2,\"name\":\"Impressum\"}]},{\"@type\":\"WebSite\",\"@id\":\"https:\\\/\\\/www.stephan-gmbh.com\\\/#website\",\"url\":\"https:\\\/\\\/www.stephan-gmbh.com\\\/\",\"name\":\"Fritz Stephan GmbH\",\"description\":\"\",\"potentialAction\":[{\"@type\":\"SearchAction\",\"target\":{\"@type\":\"EntryPoint\",\"urlTemplate\":\"https:\\\/\\\/www.stephan-gmbh.com\\\/?s={search_term_string}\"},\"query-input\":{\"@type\":\"PropertyValueSpecification\",\"valueRequired\":true,\"valueName\":\"search_term_string\"}}],\"inLanguage\":\"fr-FR\"}]}<\/script>\n<!-- \/ Yoast SEO plugin. -->","yoast_head_json":{"title":"Impressum - Fritz Stephan GmbH","robots":{"index":"index","follow":"follow","max-snippet":"max-snippet:-1","max-image-preview":"max-image-preview:large","max-video-preview":"max-video-preview:-1"},"canonical":"https:\/\/www.stephan-gmbh.com\/fr\/impressum\/","og_locale":"fr_FR","og_type":"article","og_title":"Impressum - Fritz Stephan GmbH","og_url":"https:\/\/www.stephan-gmbh.com\/fr\/impressum\/","og_site_name":"Fritz Stephan GmbH","article_modified_time":"2025-10-29T08:54:58+00:00","twitter_card":"summary_large_image","twitter_misc":{"Dur\u00e9e de lecture estim\u00e9e":"3 minutes"},"schema":{"@context":"https:\/\/schema.org","@graph":[{"@type":"WebPage","@id":"https:\/\/www.stephan-gmbh.com\/fr\/impressum\/","url":"https:\/\/www.stephan-gmbh.com\/fr\/impressum\/","name":"Impressum - Fritz Stephan GmbH","isPartOf":{"@id":"https:\/\/www.stephan-gmbh.com\/#website"},"datePublished":"2018-01-29T14:37:58+00:00","dateModified":"2025-10-29T08:54:58+00:00","breadcrumb":{"@id":"https:\/\/www.stephan-gmbh.com\/fr\/impressum\/#breadcrumb"},"inLanguage":"fr-FR","potentialAction":[{"@type":"ReadAction","target":["https:\/\/www.stephan-gmbh.com\/fr\/impressum\/"]}]},{"@type":"BreadcrumbList","@id":"https:\/\/www.stephan-gmbh.com\/fr\/impressum\/#breadcrumb","itemListElement":[{"@type":"ListItem","position":1,"name":"Startseite","item":"https:\/\/www.stephan-gmbh.com\/fr\/"},{"@type":"ListItem","position":2,"name":"Impressum"}]},{"@type":"WebSite","@id":"https:\/\/www.stephan-gmbh.com\/#website","url":"https:\/\/www.stephan-gmbh.com\/","name":"Fritz Stephan GmbH","description":"","potentialAction":[{"@type":"SearchAction","target":{"@type":"EntryPoint","urlTemplate":"https:\/\/www.stephan-gmbh.com\/?s={search_term_string}"},"query-input":{"@type":"PropertyValueSpecification","valueRequired":true,"valueName":"search_term_string"}}],"inLanguage":"fr-FR"}]}},"_links":{"self":[{"href":"https:\/\/www.stephan-gmbh.com\/fr\/wp-json\/wp\/v2\/pages\/8353","targetHints":{"allow":["GET"]}}],"collection":[{"href":"https:\/\/www.stephan-gmbh.com\/fr\/wp-json\/wp\/v2\/pages"}],"about":[{"href":"https:\/\/www.stephan-gmbh.com\/fr\/wp-json\/wp\/v2\/types\/page"}],"author":[{"embeddable":true,"href":"https:\/\/www.stephan-gmbh.com\/fr\/wp-json\/wp\/v2\/users\/1"}],"replies":[{"embeddable":true,"href":"https:\/\/www.stephan-gmbh.com\/fr\/wp-json\/wp\/v2\/comments?post=8353"}],"version-history":[{"count":3,"href":"https:\/\/www.stephan-gmbh.com\/fr\/wp-json\/wp\/v2\/pages\/8353\/revisions"}],"predecessor-version":[{"id":11438,"href":"https:\/\/www.stephan-gmbh.com\/fr\/wp-json\/wp\/v2\/pages\/8353\/revisions\/11438"}],"wp:attachment":[{"href":"https:\/\/www.stephan-gmbh.com\/fr\/wp-json\/wp\/v2\/media?parent=8353"}],"curies":[{"name":"wp","href":"https:\/\/api.w.org\/{rel}","templated":true}]}}